{"id":325,"date":"2018-03-20T11:07:56","date_gmt":"2018-03-20T11:07:56","guid":{"rendered":"http:\/\/marchamadrid.clientes.galiciadigital.com\/?page_id=325"},"modified":"2026-05-04T06:40:55","modified_gmt":"2026-05-04T05:40:55","slug":"alojamiento","status":"publish","type":"page","link":"https:\/\/madridmarcha.com\/en\/alojamiento\/","title":{"rendered":"Accommodation"},"content":{"rendered":"<div data-elementor-type=\"wp-page\" data-elementor-id=\"325\" class=\"elementor elementor-325\" data-elementor-settings=\"[]\">\n\t\t\t\t\t\t<div class=\"elementor-inner\">\n\t\t\t\t\t\t\t<div class=\"elementor-section-wrap\">\n\t\t\t\t\t\t\t<section class=\"elementor-section elementor-top-section elementor-element elementor-element-3204488f elementor-section-boxed elementor-section-height-default elementor-section-height-default\" data-id=\"3204488f\" data-element_type=\"section\">\n\t\t\t\t\t\t<div class=\"elementor-container elementor-column-gap-extended\">\n\t\t\t\t\t\t\t<div class=\"elementor-row\">\n\t\t\t\t\t<div class=\"elementor-column elementor-col-100 elementor-top-column elementor-element elementor-element-69a6c250 sc_layouts_column_icons_position_left\" data-id=\"69a6c250\" data-element_type=\"column\">\n\t\t\t<div class=\"elementor-column-wrap elementor-element-populated\">\n\t\t\t\t\t\t\t<div class=\"elementor-widget-wrap\">\n\t\t\t\t\t\t<div class=\"elementor-element elementor-element-4ee78763 elementor-widget elementor-widget-text-editor\" data-id=\"4ee78763\" data-element_type=\"widget\" data-widget_type=\"text-editor.default\">\n\t\t\t\t<div class=\"elementor-widget-container\">\n\t\t\t\t\t\t\t\t<div class=\"elementor-text-editor elementor-clearfix\">\n\t\t\t\t<p><strong>NOVOTEL MADRID CENTER<\/strong>\u00a0has once again been selected as the official accommodation for athletes and their accompanying teams for the V Gran Premio Internacional Madrid Marcha. Fully refurbished, it is ideally located in the heart of the city, just a five-minute walk from El Retiro Park and 11 km from the airport.<\/p><p>Surrounding the hotel, you can enjoy the warm life of the neighborhood, a wide gastronomic offer, shopping and leisure centers.<\/p><p>The hotel has 790 rooms and more than 3,000 m2 of space for events and meetings, with different room typologies. Its perfectly equipped for athletes and officials to enjoy an unforgettable stay.<\/p><p><strong>Hotel Novotel Madrid Center<\/strong><\/p><p>Calle O\u00b4Donnell 53<br \/>28009 MADRID SPAIN<\/p><p>Tel (+34)91\/2214060<br \/>Fax (+34)91\/5745601<\/p><p><a href=\"https:\/\/www.novotelmadridcenter.com\/nuestro-hotel-2\/\" target=\"_blank\" rel=\"noopener\">www.novotelmadridcenter.com<\/a><br \/><a href=\"mailto:info@novotelmadridcenter.com\">info@novotelmadridcenter.com<\/a><br \/>RSS @NovotelMCenter<\/p>\t\t\t\t\t<\/div>\n\t\t\t\t\t\t<\/div>\n\t\t\t\t<\/div>\n\t\t\t\t\t\t<\/div>\n\t\t\t\t\t<\/div>\n\t\t<\/div>\n\t\t\t\t\t\t\t\t<\/div>\n\t\t\t\t\t<\/div>\n\t\t<\/section>\n\t\t\t\t<section class=\"elementor-section elementor-top-section elementor-element elementor-element-6c8d545 elementor-section-boxed elementor-section-height-default elementor-section-height-default\" data-id=\"6c8d545\" data-element_type=\"section\">\n\t\t\t\t\t\t<div class=\"elementor-container elementor-column-gap-extended\">\n\t\t\t\t\t\t\t<div class=\"elementor-row\">\n\t\t\t\t\t<div class=\"elementor-column elementor-col-100 elementor-top-column elementor-element elementor-element-cb9ed69 sc_layouts_column_icons_position_left\" data-id=\"cb9ed69\" data-element_type=\"column\">\n\t\t\t<div class=\"elementor-column-wrap elementor-element-populated\">\n\t\t\t\t\t\t\t<div class=\"elementor-widget-wrap\">\n\t\t\t\t\t\t<div class=\"elementor-element elementor-element-898cf9b elementor-widget elementor-widget-image-gallery\" data-id=\"898cf9b\" data-element_type=\"widget\" data-widget_type=\"image-gallery.default\">\n\t\t\t\t<div class=\"elementor-widget-container\">\n\t\t\t\t\t<div class=\"elementor-image-gallery\">\n\t\t\t<div id='gallery-1' class='gallery galleryid-325 gallery-columns-4 gallery-size-redy-thumb-med'><figure class='gallery-item'>\n\t\t\t<div class='gallery-icon landscape'>\n\t\t\t\t<a data-elementor-open-lightbox=\"yes\" data-elementor-lightbox-slideshow=\"898cf9b\" data-elementor-lightbox-title=\"4353-17\" href='https:\/\/madridmarcha.com\/wp-content\/uploads\/2024\/07\/4353-17.jpg'><img loading=\"lazy\" decoding=\"async\" width=\"365\" height=\"198\" src=\"https:\/\/madridmarcha.com\/wp-content\/uploads\/2024\/07\/4353-17-365x198.jpg\" class=\"attachment-redy-thumb-med size-redy-thumb-med\" alt=\"\" srcset=\"https:\/\/madridmarcha.com\/wp-content\/uploads\/2024\/07\/4353-17-365x198.jpg 365w, https:\/\/madridmarcha.com\/wp-content\/uploads\/2024\/07\/4353-17-745x405.jpg 745w\" sizes=\"auto, (max-width: 365px) 100vw, 365px\" \/><\/a>\n\t\t\t<\/div><\/figure><figure class='gallery-item'>\n\t\t\t<div class='gallery-icon landscape'>\n\t\t\t\t<a data-elementor-open-lightbox=\"yes\" data-elementor-lightbox-slideshow=\"898cf9b\" data-elementor-lightbox-title=\"Novotel Madrid Center 92898\" title=\"Street\" href='https:\/\/madridmarcha.com\/wp-content\/uploads\/2024\/07\/4408-25.jpg'><img loading=\"lazy\" decoding=\"async\" width=\"365\" height=\"198\" src=\"https:\/\/madridmarcha.com\/wp-content\/uploads\/2024\/07\/4408-25-365x198.jpg\" class=\"attachment-redy-thumb-med size-redy-thumb-med\" alt=\"\" aria-describedby=\"gallery-1-6689\" srcset=\"https:\/\/madridmarcha.com\/wp-content\/uploads\/2024\/07\/4408-25-365x198.jpg 365w, https:\/\/madridmarcha.com\/wp-content\/uploads\/2024\/07\/4408-25-745x405.jpg 745w\" sizes=\"auto, (max-width: 365px) 100vw, 365px\" \/><\/a>\n\t\t\t<\/div>\n\t\t\t\t<figcaption class='wp-caption-text gallery-caption' id='gallery-1-6689'>\n\t\t\t\tStreet\n\t\t\t\t<\/figcaption><\/figure><figure class='gallery-item'>\n\t\t\t<div class='gallery-icon landscape'>\n\t\t\t\t<a data-elementor-open-lightbox=\"yes\" data-elementor-lightbox-slideshow=\"898cf9b\" data-elementor-lightbox-title=\"H\u00f4tel Novotel Madrid Center - 9298\" href='https:\/\/madridmarcha.com\/wp-content\/uploads\/2024\/07\/MG_7460.jpg'><img loading=\"lazy\" decoding=\"async\" width=\"365\" height=\"198\" src=\"https:\/\/madridmarcha.com\/wp-content\/uploads\/2024\/07\/MG_7460-365x198.jpg\" class=\"attachment-redy-thumb-med size-redy-thumb-med\" alt=\"\" srcset=\"https:\/\/madridmarcha.com\/wp-content\/uploads\/2024\/07\/MG_7460-365x198.jpg 365w, https:\/\/madridmarcha.com\/wp-content\/uploads\/2024\/07\/MG_7460-1170x636.jpg 1170w, https:\/\/madridmarcha.com\/wp-content\/uploads\/2024\/07\/MG_7460-745x405.jpg 745w\" sizes=\"auto, (max-width: 365px) 100vw, 365px\" \/><\/a>\n\t\t\t<\/div><\/figure><figure class='gallery-item'>\n\t\t\t<div class='gallery-icon landscape'>\n\t\t\t\t<a data-elementor-open-lightbox=\"yes\" data-elementor-lightbox-slideshow=\"898cf9b\" data-elementor-lightbox-title=\"H\u00f4tel Novotel Madrid Center - 9298\" title=\"executive room with terrace\" href='https:\/\/madridmarcha.com\/wp-content\/uploads\/2024\/07\/MG_7395.jpg'><img loading=\"lazy\" decoding=\"async\" width=\"365\" height=\"198\" src=\"https:\/\/madridmarcha.com\/wp-content\/uploads\/2024\/07\/MG_7395-365x198.jpg\" class=\"attachment-redy-thumb-med size-redy-thumb-med\" alt=\"\" aria-describedby=\"gallery-1-6691\" srcset=\"https:\/\/madridmarcha.com\/wp-content\/uploads\/2024\/07\/MG_7395-365x198.jpg 365w, https:\/\/madridmarcha.com\/wp-content\/uploads\/2024\/07\/MG_7395-1170x636.jpg 1170w, https:\/\/madridmarcha.com\/wp-content\/uploads\/2024\/07\/MG_7395-745x405.jpg 745w\" sizes=\"auto, (max-width: 365px) 100vw, 365px\" \/><\/a>\n\t\t\t<\/div>\n\t\t\t\t<figcaption class='wp-caption-text gallery-caption' id='gallery-1-6691'>\n\t\t\t\texecutive room with terrace\n\t\t\t\t<\/figcaption><\/figure><figure class='gallery-item'>\n\t\t\t<div class='gallery-icon landscape'>\n\t\t\t\t<a data-elementor-open-lightbox=\"yes\" data-elementor-lightbox-slideshow=\"898cf9b\" data-elementor-lightbox-title=\"H\u00f4tel Novotel Madrid Center - 9298\" title=\"standard room\" href='https:\/\/madridmarcha.com\/wp-content\/uploads\/2024\/07\/MG_7483.jpg'><img loading=\"lazy\" decoding=\"async\" width=\"365\" height=\"198\" src=\"https:\/\/madridmarcha.com\/wp-content\/uploads\/2024\/07\/MG_7483-365x198.jpg\" class=\"attachment-redy-thumb-med size-redy-thumb-med\" alt=\"\" aria-describedby=\"gallery-1-6692\" srcset=\"https:\/\/madridmarcha.com\/wp-content\/uploads\/2024\/07\/MG_7483-365x198.jpg 365w, https:\/\/madridmarcha.com\/wp-content\/uploads\/2024\/07\/MG_7483-1170x636.jpg 1170w, https:\/\/madridmarcha.com\/wp-content\/uploads\/2024\/07\/MG_7483-745x405.jpg 745w\" sizes=\"auto, (max-width: 365px) 100vw, 365px\" \/><\/a>\n\t\t\t<\/div>\n\t\t\t\t<figcaption class='wp-caption-text gallery-caption' id='gallery-1-6692'>\n\t\t\t\tstandard room\n\t\t\t\t<\/figcaption><\/figure><figure class='gallery-item'>\n\t\t\t<div class='gallery-icon landscape'>\n\t\t\t\t<a data-elementor-open-lightbox=\"yes\" data-elementor-lightbox-slideshow=\"898cf9b\" data-elementor-lightbox-title=\"H\u00f4tel Novotel Madrid Center - 9298\" title=\"exterior night\" href='https:\/\/madridmarcha.com\/wp-content\/uploads\/2024\/07\/MG_7648.jpg'><img loading=\"lazy\" decoding=\"async\" width=\"365\" height=\"198\" src=\"https:\/\/madridmarcha.com\/wp-content\/uploads\/2024\/07\/MG_7648-365x198.jpg\" class=\"attachment-redy-thumb-med size-redy-thumb-med\" alt=\"\" aria-describedby=\"gallery-1-6693\" srcset=\"https:\/\/madridmarcha.com\/wp-content\/uploads\/2024\/07\/MG_7648-365x198.jpg 365w, https:\/\/madridmarcha.com\/wp-content\/uploads\/2024\/07\/MG_7648-1170x636.jpg 1170w, https:\/\/madridmarcha.com\/wp-content\/uploads\/2024\/07\/MG_7648-745x405.jpg 745w\" sizes=\"auto, (max-width: 365px) 100vw, 365px\" \/><\/a>\n\t\t\t<\/div>\n\t\t\t\t<figcaption class='wp-caption-text gallery-caption' id='gallery-1-6693'>\n\t\t\t\texterior night\n\t\t\t\t<\/figcaption><\/figure><figure class='gallery-item'>\n\t\t\t<div class='gallery-icon landscape'>\n\t\t\t\t<a data-elementor-open-lightbox=\"yes\" data-elementor-lightbox-slideshow=\"898cf9b\" data-elementor-lightbox-title=\"Novotel Madrid Center 92898\" title=\"Street\" href='https:\/\/madridmarcha.com\/wp-content\/uploads\/2024\/07\/4408-26.jpg'><img loading=\"lazy\" decoding=\"async\" width=\"365\" height=\"198\" src=\"https:\/\/madridmarcha.com\/wp-content\/uploads\/2024\/07\/4408-26-365x198.jpg\" class=\"attachment-redy-thumb-med size-redy-thumb-med\" alt=\"\" aria-describedby=\"gallery-1-6694\" srcset=\"https:\/\/madridmarcha.com\/wp-content\/uploads\/2024\/07\/4408-26-365x198.jpg 365w, https:\/\/madridmarcha.com\/wp-content\/uploads\/2024\/07\/4408-26-745x405.jpg 745w\" sizes=\"auto, (max-width: 365px) 100vw, 365px\" \/><\/a>\n\t\t\t<\/div>\n\t\t\t\t<figcaption class='wp-caption-text gallery-caption' id='gallery-1-6694'>\n\t\t\t\tStreet\n\t\t\t\t<\/figcaption><\/figure><figure class='gallery-item'>\n\t\t\t<div class='gallery-icon landscape'>\n\t\t\t\t<a data-elementor-open-lightbox=\"yes\" data-elementor-lightbox-slideshow=\"898cf9b\" data-elementor-lightbox-title=\"Novotel Madrid Center 92898\" href='https:\/\/madridmarcha.com\/wp-content\/uploads\/2024\/07\/4408-30.jpg'><img loading=\"lazy\" decoding=\"async\" width=\"365\" height=\"198\" src=\"https:\/\/madridmarcha.com\/wp-content\/uploads\/2024\/07\/4408-30-365x198.jpg\" class=\"attachment-redy-thumb-med size-redy-thumb-med\" alt=\"\" srcset=\"https:\/\/madridmarcha.com\/wp-content\/uploads\/2024\/07\/4408-30-365x198.jpg 365w, https:\/\/madridmarcha.com\/wp-content\/uploads\/2024\/07\/4408-30-745x405.jpg 745w\" sizes=\"auto, (max-width: 365px) 100vw, 365px\" \/><\/a>\n\t\t\t<\/div><\/figure><figure class='gallery-item'>\n\t\t\t<div class='gallery-icon landscape'>\n\t\t\t\t<a data-elementor-open-lightbox=\"yes\" data-elementor-lightbox-slideshow=\"898cf9b\" data-elementor-lightbox-title=\"Novotel Madrid Center 92898\" href='https:\/\/madridmarcha.com\/wp-content\/uploads\/2024\/07\/4408-35.jpg'><img loading=\"lazy\" decoding=\"async\" width=\"365\" height=\"198\" src=\"https:\/\/madridmarcha.com\/wp-content\/uploads\/2024\/07\/4408-35-365x198.jpg\" class=\"attachment-redy-thumb-med size-redy-thumb-med\" alt=\"\" srcset=\"https:\/\/madridmarcha.com\/wp-content\/uploads\/2024\/07\/4408-35-365x198.jpg 365w, https:\/\/madridmarcha.com\/wp-content\/uploads\/2024\/07\/4408-35-745x405.jpg 745w\" sizes=\"auto, (max-width: 365px) 100vw, 365px\" \/><\/a>\n\t\t\t<\/div><\/figure><figure class='gallery-item'>\n\t\t\t<div class='gallery-icon landscape'>\n\t\t\t\t<a data-elementor-open-lightbox=\"yes\" data-elementor-lightbox-slideshow=\"898cf9b\" data-elementor-lightbox-title=\"Novotel Madrid Center 92898\" href='https:\/\/madridmarcha.com\/wp-content\/uploads\/2024\/07\/4408-34.jpg'><img loading=\"lazy\" decoding=\"async\" width=\"365\" height=\"198\" src=\"https:\/\/madridmarcha.com\/wp-content\/uploads\/2024\/07\/4408-34-365x198.jpg\" class=\"attachment-redy-thumb-med size-redy-thumb-med\" alt=\"\" srcset=\"https:\/\/madridmarcha.com\/wp-content\/uploads\/2024\/07\/4408-34-365x198.jpg 365w, https:\/\/madridmarcha.com\/wp-content\/uploads\/2024\/07\/4408-34-745x405.jpg 745w\" sizes=\"auto, (max-width: 365px) 100vw, 365px\" \/><\/a>\n\t\t\t<\/div><\/figure><figure class='gallery-item'>\n\t\t\t<div class='gallery-icon landscape'>\n\t\t\t\t<a data-elementor-open-lightbox=\"yes\" data-elementor-lightbox-slideshow=\"898cf9b\" data-elementor-lightbox-title=\"H\u00f4tel Novotel Madrid Center - 9298\" href='https:\/\/madridmarcha.com\/wp-content\/uploads\/2024\/07\/MG_7182.jpg'><img loading=\"lazy\" decoding=\"async\" width=\"365\" height=\"198\" src=\"https:\/\/madridmarcha.com\/wp-content\/uploads\/2024\/07\/MG_7182-365x198.jpg\" class=\"attachment-redy-thumb-med size-redy-thumb-med\" alt=\"\" srcset=\"https:\/\/madridmarcha.com\/wp-content\/uploads\/2024\/07\/MG_7182-365x198.jpg 365w, https:\/\/madridmarcha.com\/wp-content\/uploads\/2024\/07\/MG_7182-1170x636.jpg 1170w, https:\/\/madridmarcha.com\/wp-content\/uploads\/2024\/07\/MG_7182-745x405.jpg 745w\" sizes=\"auto, (max-width: 365px) 100vw, 365px\" \/><\/a>\n\t\t\t<\/div><\/figure><figure class='gallery-item'>\n\t\t\t<div class='gallery-icon landscape'>\n\t\t\t\t<a data-elementor-open-lightbox=\"yes\" data-elementor-lightbox-slideshow=\"898cf9b\" data-elementor-lightbox-title=\"Novotel Madrid Center 92898\" title=\"Fitness Room\" href='https:\/\/madridmarcha.com\/wp-content\/uploads\/2024\/07\/4408-46.jpg'><img loading=\"lazy\" decoding=\"async\" width=\"365\" height=\"198\" src=\"https:\/\/madridmarcha.com\/wp-content\/uploads\/2024\/07\/4408-46-365x198.jpg\" class=\"attachment-redy-thumb-med size-redy-thumb-med\" alt=\"\" aria-describedby=\"gallery-1-6699\" srcset=\"https:\/\/madridmarcha.com\/wp-content\/uploads\/2024\/07\/4408-46-365x198.jpg 365w, https:\/\/madridmarcha.com\/wp-content\/uploads\/2024\/07\/4408-46-745x405.jpg 745w\" sizes=\"auto, (max-width: 365px) 100vw, 365px\" \/><\/a>\n\t\t\t<\/div>\n\t\t\t\t<figcaption class='wp-caption-text gallery-caption' id='gallery-1-6699'>\n\t\t\t\tFitness Room\n\t\t\t\t<\/figcaption><\/figure><figure class='gallery-item'>\n\t\t\t<div class='gallery-icon landscape'>\n\t\t\t\t<a data-elementor-open-lightbox=\"yes\" data-elementor-lightbox-slideshow=\"898cf9b\" data-elementor-lightbox-title=\"Novotel Madrid Center 92898\" title=\"Fitness Room\" href='https:\/\/madridmarcha.com\/wp-content\/uploads\/2024\/07\/4408-47.jpg'><img loading=\"lazy\" decoding=\"async\" width=\"365\" height=\"198\" src=\"https:\/\/madridmarcha.com\/wp-content\/uploads\/2024\/07\/4408-47-365x198.jpg\" class=\"attachment-redy-thumb-med size-redy-thumb-med\" alt=\"\" aria-describedby=\"gallery-1-6700\" srcset=\"https:\/\/madridmarcha.com\/wp-content\/uploads\/2024\/07\/4408-47-365x198.jpg 365w, https:\/\/madridmarcha.com\/wp-content\/uploads\/2024\/07\/4408-47-745x405.jpg 745w\" sizes=\"auto, (max-width: 365px) 100vw, 365px\" \/><\/a>\n\t\t\t<\/div>\n\t\t\t\t<figcaption class='wp-caption-text gallery-caption' id='gallery-1-6700'>\n\t\t\t\tFitness Room\n\t\t\t\t<\/figcaption><\/figure><figure class='gallery-item'>\n\t\t\t<div class='gallery-icon landscape'>\n\t\t\t\t<a data-elementor-open-lightbox=\"yes\" data-elementor-lightbox-slideshow=\"898cf9b\" data-elementor-lightbox-title=\"04-Novotel_Madrid_Center-Gimnasio-003\" href='https:\/\/madridmarcha.com\/wp-content\/uploads\/2024\/07\/04-Novotel_Madrid_Center-Gimnasio-003-scaled.jpg'><img loading=\"lazy\" decoding=\"async\" width=\"365\" height=\"198\" src=\"https:\/\/madridmarcha.com\/wp-content\/uploads\/2024\/07\/04-Novotel_Madrid_Center-Gimnasio-003-365x198.jpg\" class=\"attachment-redy-thumb-med size-redy-thumb-med\" alt=\"\" srcset=\"https:\/\/madridmarcha.com\/wp-content\/uploads\/2024\/07\/04-Novotel_Madrid_Center-Gimnasio-003-365x198.jpg 365w, https:\/\/madridmarcha.com\/wp-content\/uploads\/2024\/07\/04-Novotel_Madrid_Center-Gimnasio-003-1170x636.jpg 1170w, https:\/\/madridmarcha.com\/wp-content\/uploads\/2024\/07\/04-Novotel_Madrid_Center-Gimnasio-003-745x405.jpg 745w\" sizes=\"auto, (max-width: 365px) 100vw, 365px\" \/><\/a>\n\t\t\t<\/div><\/figure><figure class='gallery-item'>\n\t\t\t<div class='gallery-icon landscape'>\n\t\t\t\t<a data-elementor-open-lightbox=\"yes\" data-elementor-lightbox-slideshow=\"898cf9b\" data-elementor-lightbox-title=\"_MG_4063-27\" href='https:\/\/madridmarcha.com\/wp-content\/uploads\/2024\/07\/MG_4063-27-scaled.jpg'><img loading=\"lazy\" decoding=\"async\" width=\"365\" height=\"198\" src=\"https:\/\/madridmarcha.com\/wp-content\/uploads\/2024\/07\/MG_4063-27-365x198.jpg\" class=\"attachment-redy-thumb-med size-redy-thumb-med\" alt=\"\" srcset=\"https:\/\/madridmarcha.com\/wp-content\/uploads\/2024\/07\/MG_4063-27-365x198.jpg 365w, https:\/\/madridmarcha.com\/wp-content\/uploads\/2024\/07\/MG_4063-27-1170x636.jpg 1170w, https:\/\/madridmarcha.com\/wp-content\/uploads\/2024\/07\/MG_4063-27-745x405.jpg 745w\" sizes=\"auto, (max-width: 365px) 100vw, 365px\" \/><\/a>\n\t\t\t<\/div><\/figure><figure class='gallery-item'>\n\t\t\t<div class='gallery-icon landscape'>\n\t\t\t\t<a data-elementor-open-lightbox=\"yes\" data-elementor-lightbox-slideshow=\"898cf9b\" data-elementor-lightbox-title=\"LOGO_FONDO_OSCURO\" href='https:\/\/madridmarcha.com\/wp-content\/uploads\/2024\/07\/LOGO_FONDO_OSCURO.png'><img loading=\"lazy\" decoding=\"async\" width=\"365\" height=\"198\" src=\"https:\/\/madridmarcha.com\/wp-content\/uploads\/2024\/07\/LOGO_FONDO_OSCURO-365x198.png\" class=\"attachment-redy-thumb-med size-redy-thumb-med\" alt=\"\" srcset=\"https:\/\/madridmarcha.com\/wp-content\/uploads\/2024\/07\/LOGO_FONDO_OSCURO-365x198.png 365w, https:\/\/madridmarcha.com\/wp-content\/uploads\/2024\/07\/LOGO_FONDO_OSCURO-18x10.png 18w, https:\/\/madridmarcha.com\/wp-content\/uploads\/2024\/07\/LOGO_FONDO_OSCURO-1170x636.png 1170w, https:\/\/madridmarcha.com\/wp-content\/uploads\/2024\/07\/LOGO_FONDO_OSCURO-745x405.png 745w\" sizes=\"auto, (max-width: 365px) 100vw, 365px\" \/><\/a>\n\t\t\t<\/div><\/figure>\n\t\t<\/div>\n\t\t<\/div>\n\t\t\t\t<\/div>\n\t\t\t\t<\/div>\n\t\t\t\t\t\t<\/div>\n\t\t\t\t\t<\/div>\n\t\t<\/div>\n\t\t\t\t\t\t\t\t<\/div>\n\t\t\t\t\t<\/div>\n\t\t<\/section>\n\t\t\t\t\t\t<\/div>\n\t\t\t\t\t\t<\/div>\n\t\t\t\t\t<\/div>","protected":false},"excerpt":{"rendered":"<p>NOVOTEL MADRID CENTER\u00a0es el alojamiento escogido un a\u00f1o m\u00e1s para alojar a los atletas y acompa\u00f1antes\u00a0con ocasi\u00f3n del V Gran Premio Internacional Madrid Marcha. Totalmente renovado, est\u00e1 situado en el coraz\u00f3n de la ciudad, a tan solo 5 minutos andando del parque de El Retiro y a 11 Km del aeropuerto. En&hellip;<\/p>","protected":false},"author":1,"featured_media":0,"parent":0,"menu_order":0,"comment_status":"closed","ping_status":"closed","template":"","meta":{"footnotes":""},"class_list":["post-325","page","type-page","status-publish","hentry"],"_links":{"self":[{"href":"https:\/\/madridmarcha.com\/en\/wp-json\/wp\/v2\/pages\/325","targetHints":{"allow":["GET"]}}],"collection":[{"href":"https:\/\/madridmarcha.com\/en\/wp-json\/wp\/v2\/pages"}],"about":[{"href":"https:\/\/madridmarcha.com\/en\/wp-json\/wp\/v2\/types\/page"}],"author":[{"embeddable":true,"href":"https:\/\/madridmarcha.com\/en\/wp-json\/wp\/v2\/users\/1"}],"replies":[{"embeddable":true,"href":"https:\/\/madridmarcha.com\/en\/wp-json\/wp\/v2\/comments?post=325"}],"version-history":[{"count":55,"href":"https:\/\/madridmarcha.com\/en\/wp-json\/wp\/v2\/pages\/325\/revisions"}],"predecessor-version":[{"id":7370,"href":"https:\/\/madridmarcha.com\/en\/wp-json\/wp\/v2\/pages\/325\/revisions\/7370"}],"wp:attachment":[{"href":"https:\/\/madridmarcha.com\/en\/wp-json\/wp\/v2\/media?parent=325"}],"curies":[{"name":"wp","href":"https:\/\/api.w.org\/{rel}","templated":true}]}}