{"id":2017,"date":"2018-04-18T06:21:55","date_gmt":"2018-04-18T06:21:55","guid":{"rendered":"http:\/\/marchamadrid.clientes.galiciadigital.com\/?page_id=2017"},"modified":"2025-03-27T15:15:51","modified_gmt":"2025-03-27T14:15:51","slug":"inscripcion","status":"publish","type":"page","link":"https:\/\/madridmarcha.com\/en\/inscripcion\/","title":{"rendered":"Registration"},"content":{"rendered":"<div data-elementor-type=\"wp-post\" data-elementor-id=\"2017\" class=\"elementor elementor-2017\" data-elementor-settings=\"[]\">\n\t\t\t\t\t\t<div class=\"elementor-inner\">\n\t\t\t\t\t\t\t<div class=\"elementor-section-wrap\">\n\t\t\t\t\t\t\t<section class=\"elementor-section elementor-top-section elementor-element elementor-element-ab42303 elementor-section-boxed elementor-section-height-default elementor-section-height-default\" data-id=\"ab42303\" data-element_type=\"section\">\n\t\t\t\t\t\t<div class=\"elementor-container elementor-column-gap-extended\">\n\t\t\t\t\t\t\t<div class=\"elementor-row\">\n\t\t\t\t\t<div class=\"elementor-column elementor-col-100 elementor-top-column elementor-element elementor-element-f5fa63e sc_layouts_column_icons_position_left\" data-id=\"f5fa63e\" data-element_type=\"column\">\n\t\t\t<div class=\"elementor-column-wrap elementor-element-populated\">\n\t\t\t\t\t\t\t<div class=\"elementor-widget-wrap\">\n\t\t\t\t\t\t<div class=\"elementor-element elementor-element-b08e2f9 elementor-widget elementor-widget-spacer\" data-id=\"b08e2f9\" data-element_type=\"widget\" data-widget_type=\"spacer.default\">\n\t\t\t\t<div class=\"elementor-widget-container\">\n\t\t\t\t\t<div class=\"elementor-spacer\">\n\t\t\t<div class=\"elementor-spacer-inner\"><\/div>\n\t\t<\/div>\n\t\t\t\t<\/div>\n\t\t\t\t<\/div>\n\t\t\t\t<div class=\"elementor-element elementor-element-acc9681 elementor-widget elementor-widget-spacer\" data-id=\"acc9681\" data-element_type=\"widget\" data-widget_type=\"spacer.default\">\n\t\t\t\t<div class=\"elementor-widget-container\">\n\t\t\t\t\t<div class=\"elementor-spacer\">\n\t\t\t<div class=\"elementor-spacer-inner\"><\/div>\n\t\t<\/div>\n\t\t\t\t<\/div>\n\t\t\t\t<\/div>\n\t\t\t\t<div class=\"elementor-element elementor-element-4944d52 elementor-widget elementor-widget-heading\" data-id=\"4944d52\" data-element_type=\"widget\" data-widget_type=\"heading.default\">\n\t\t\t\t<div class=\"elementor-widget-container\">\n\t\t\t<h5 class=\"elementor-heading-title elementor-size-default\">10KM WORLD RACE WALKING TOUR \u2013 SUBMIT APPLICATION<\/h5>\t\t<\/div>\n\t\t\t\t<\/div>\n\t\t\t\t<div class=\"elementor-element elementor-element-ea488c5 elementor-widget elementor-widget-spacer\" data-id=\"ea488c5\" data-element_type=\"widget\" data-widget_type=\"spacer.default\">\n\t\t\t\t<div class=\"elementor-widget-container\">\n\t\t\t\t\t<div class=\"elementor-spacer\">\n\t\t\t<div class=\"elementor-spacer-inner\"><\/div>\n\t\t<\/div>\n\t\t\t\t<\/div>\n\t\t\t\t<\/div>\n\t\t\t\t\t\t<\/div>\n\t\t\t\t\t<\/div>\n\t\t<\/div>\n\t\t\t\t\t\t\t\t<\/div>\n\t\t\t\t\t<\/div>\n\t\t<\/section>\n\t\t\t\t<section class=\"elementor-section elementor-top-section elementor-element elementor-element-cbe3816 elementor-section-boxed elementor-section-height-default elementor-section-height-default\" data-id=\"cbe3816\" data-element_type=\"section\">\n\t\t\t\t\t\t<div class=\"elementor-container elementor-column-gap-extended\">\n\t\t\t\t\t\t\t<div class=\"elementor-row\">\n\t\t\t\t\t<div class=\"elementor-column elementor-col-100 elementor-top-column elementor-element elementor-element-cf3d5e2 sc_layouts_column_icons_position_left\" data-id=\"cf3d5e2\" data-element_type=\"column\">\n\t\t\t<div class=\"elementor-column-wrap elementor-element-populated\">\n\t\t\t\t\t\t\t<div class=\"elementor-widget-wrap\">\n\t\t\t\t\t\t<div class=\"elementor-element elementor-element-9d24e45 elementor-widget elementor-widget-text-editor\" data-id=\"9d24e45\" data-element_type=\"widget\" data-widget_type=\"text-editor.default\">\n\t\t\t\t<div class=\"elementor-widget-container\">\n\t\t\t\t\t\t\t\t<div class=\"elementor-text-editor elementor-clearfix\">\n\t\t\t\t<p>\n<div class=\"wpcf7 no-js\" id=\"wpcf7-f2062-o1\" lang=\"en-US\" dir=\"ltr\" data-wpcf7-id=\"2062\">\n<div class=\"screen-reader-response\"><p role=\"status\" aria-live=\"polite\" aria-atomic=\"true\"><\/p> <ul><\/ul><\/div>\n<form action=\"\/en\/wp-json\/wp\/v2\/pages\/2017#wpcf7-f2062-o1\" method=\"post\" class=\"wpcf7-form init\" aria-label=\"Contact form\" novalidate=\"novalidate\" data-status=\"init\" data-trp-original-action=\"\/en\/wp-json\/wp\/v2\/pages\/2017#wpcf7-f2062-o1\">\n<div style=\"display: none;\">\n<input type=\"hidden\" name=\"_wpcf7\" value=\"2062\" \/>\n<input type=\"hidden\" name=\"_wpcf7_version\" value=\"6.0.6\" \/>\n<input type=\"hidden\" name=\"_wpcf7_locale\" value=\"en_US\" \/>\n<input type=\"hidden\" name=\"_wpcf7_unit_tag\" value=\"wpcf7-f2062-o1\" \/>\n<input type=\"hidden\" name=\"_wpcf7_container_post\" value=\"0\" \/>\n<input type=\"hidden\" name=\"_wpcf7_posted_data_hash\" value=\"\" \/>\n<input type=\"hidden\" name=\"_wpcf7_recaptcha_response\" value=\"\" \/>\n<\/div>\n<!-- <p class=\"title_form\"><span>personal info<\/span><\/p> -->\n<p class=\"col_1-2\"><span class=\"wpcf7-form-control-wrap\" data-name=\"first-name\"><input size=\"40\" maxlength=\"400\" class=\"wpcf7-form-control wpcf7-text wpcf7-validates-as-required\" aria-required=\"true\" aria-invalid=\"false\" placeholder=\"name\" value=\"\" type=\"text\" name=\"first-name\" \/><\/span>\n<\/p>\n<p class=\"col_1-2\"><span class=\"wpcf7-form-control-wrap\" data-name=\"last-name\"><input size=\"40\" maxlength=\"400\" class=\"wpcf7-form-control wpcf7-text wpcf7-validates-as-required\" aria-required=\"true\" aria-invalid=\"false\" placeholder=\"surname\" value=\"\" type=\"text\" name=\"last-name\" \/><\/span>\n<\/p>\n<p class=\"col_1-3\"><span class=\"wpcf7-form-control-wrap\" data-name=\"dni\"><input size=\"40\" maxlength=\"400\" class=\"wpcf7-form-control wpcf7-text wpcf7-validates-as-required\" aria-required=\"true\" aria-invalid=\"false\" placeholder=\"passport\/dni\" value=\"\" type=\"text\" name=\"dni\" \/><\/span>\n<\/p>\n<p class=\"col_1-3\"><span class=\"wpcf7-form-control-wrap\" data-name=\"phone\"><input size=\"40\" maxlength=\"400\" class=\"wpcf7-form-control wpcf7-tel wpcf7-validates-as-required wpcf7-text wpcf7-validates-as-tel\" aria-required=\"true\" aria-invalid=\"false\" placeholder=\"phone\" value=\"\" type=\"tel\" name=\"phone\" \/><\/span>\n<\/p>\n<p class=\"col_1-3\"><span class=\"wpcf7-form-control-wrap\" data-name=\"email\"><input size=\"40\" maxlength=\"400\" class=\"wpcf7-form-control wpcf7-email wpcf7-validates-as-required wpcf7-text wpcf7-validates-as-email\" aria-required=\"true\" aria-invalid=\"false\" placeholder=\"email\" value=\"\" type=\"email\" name=\"email\" \/><\/span>\n<\/p>\n<p class=\"col_1-3\"><span class=\"wpcf7-form-control-wrap\" data-name=\"calle\"><input size=\"40\" maxlength=\"400\" class=\"wpcf7-form-control wpcf7-text wpcf7-validates-as-required\" aria-required=\"true\" aria-invalid=\"false\" placeholder=\"residence: street\" value=\"\" type=\"text\" name=\"calle\" \/><\/span>\n<\/p>\n<p class=\"col_1-3\"><span class=\"wpcf7-form-control-wrap\" data-name=\"ciudad\"><input size=\"40\" maxlength=\"400\" class=\"wpcf7-form-control wpcf7-text wpcf7-validates-as-required\" aria-required=\"true\" aria-invalid=\"false\" placeholder=\"residence: city\" value=\"\" type=\"text\" name=\"ciudad\" \/><\/span>\n<\/p>\n<p class=\"col_1-3\"><span class=\"wpcf7-form-control-wrap\" data-name=\"cp\"><input size=\"40\" maxlength=\"400\" class=\"wpcf7-form-control wpcf7-text wpcf7-validates-as-required\" aria-required=\"true\" aria-invalid=\"false\" placeholder=\"residence: post code\" value=\"\" type=\"text\" name=\"cp\" \/><\/span>\n<\/p>\n<p class=\"col_1-3\"><span class=\"wpcf7-form-control-wrap\" data-name=\"pais\"><input size=\"40\" maxlength=\"400\" class=\"wpcf7-form-control wpcf7-text wpcf7-validates-as-required\" aria-required=\"true\" aria-invalid=\"false\" placeholder=\"residence: country\" value=\"\" type=\"text\" name=\"pais\" \/><\/span>\n<\/p>\n<p class=\"col_1-3\"><span class=\"wpcf7-form-control-wrap\" data-name=\"nacionalidad\"><input size=\"40\" maxlength=\"400\" class=\"wpcf7-form-control wpcf7-text wpcf7-validates-as-required\" aria-required=\"true\" aria-invalid=\"false\" placeholder=\"nationality\" value=\"\" type=\"text\" name=\"nacionalidad\" \/><\/span>\n<\/p>\n<p class=\"col_1-3\"><span class=\"wpcf7-form-control-wrap\" data-name=\"club\"><input size=\"40\" maxlength=\"400\" class=\"wpcf7-form-control wpcf7-text wpcf7-validates-as-required\" aria-required=\"true\" aria-invalid=\"false\" placeholder=\"\u0441lub\" value=\"\" type=\"text\" name=\"club\" \/><\/span>\n<\/p>\n<p class=\"col_1-3\"><span class=\"wpcf7-form-control-wrap\" data-name=\"category\"><select class=\"wpcf7-form-control wpcf7-select wpcf7-validates-as-required\" aria-required=\"true\" aria-invalid=\"false\" name=\"category\"><option value=\"categor\u00eda\">category<\/option><option value=\"absoluta masculina\">absoluta masculina<\/option><option value=\"absoluta femenina\">absoluta femenina<\/option><\/select><\/span>\n<\/p>\n<p class=\"col_1-3\"><span class=\"wpcf7-form-control-wrap\" data-name=\"mejor-marca-10\"><input size=\"40\" maxlength=\"400\" class=\"wpcf7-form-control wpcf7-text wpcf7-validates-as-required\" aria-required=\"true\" aria-invalid=\"false\" placeholder=\"best 10km time\" value=\"\" type=\"text\" name=\"mejor-marca-10\" \/><\/span>\n<\/p>\n<p class=\"col_1-3\"><span class=\"wpcf7-form-control-wrap\" data-name=\"mejor-marca-20\"><input size=\"40\" maxlength=\"400\" class=\"wpcf7-form-control wpcf7-text wpcf7-validates-as-required\" aria-required=\"true\" aria-invalid=\"false\" placeholder=\"best 20km time\" value=\"\" type=\"text\" name=\"mejor-marca-20\" \/><\/span>\n<\/p>\n<p class=\"col_1-1\">\n<\/p>\n<p class=\"col_1-1\"><em><b>IMPORTANT:<\/b> <b>It's mandatory<\/b> to complete all fields with <b>real data<\/b> in order to <b>pay the prizes<\/b><\/em>\n<\/p>\n<p class=\"col_1-1\"><span class=\"wpcf7-form-control-wrap\" data-name=\"acceptance-185\"><span class=\"wpcf7-form-control wpcf7-acceptance\"><span class=\"wpcf7-list-item\"><label><input type=\"checkbox\" name=\"acceptance-185\" value=\"1\" aria-invalid=\"false\" \/><span class=\"wpcf7-list-item-label\">I agree that my submitted data is collected and stored.<\/span><\/label><\/span><\/span><\/span>\n<\/p>\n<p class=\"col_1-1 button\"><input class=\"wpcf7-form-control wpcf7-submit has-spinner\" type=\"submit\" value=\"I want to register\" \/>\n<\/p>\n<div class=\"wpcf7-response-output\" aria-hidden=\"true\"><\/div>\n<input type=\"hidden\" name=\"trp-form-language\" value=\"en\"\/><\/form>\n<\/div>\n<\/p>\t\t\t\t\t<\/div>\n\t\t\t\t\t\t<\/div>\n\t\t\t\t<\/div>\n\t\t\t\t\t\t<\/div>\n\t\t\t\t\t<\/div>\n\t\t<\/div>\n\t\t\t\t\t\t\t\t<\/div>\n\t\t\t\t\t<\/div>\n\t\t<\/section>\n\t\t\t\t<section class=\"elementor-section elementor-top-section elementor-element elementor-element-237f0b2 elementor-section-boxed elementor-section-height-default elementor-section-height-default\" data-id=\"237f0b2\" data-element_type=\"section\">\n\t\t\t\t\t\t<div class=\"elementor-container elementor-column-gap-extended\">\n\t\t\t\t\t\t\t<div class=\"elementor-row\">\n\t\t\t\t\t<div class=\"elementor-column elementor-col-100 elementor-top-column elementor-element elementor-element-7e723bf sc_layouts_column_icons_position_left\" data-id=\"7e723bf\" data-element_type=\"column\">\n\t\t\t<div class=\"elementor-column-wrap elementor-element-populated\">\n\t\t\t\t\t\t\t<div class=\"elementor-widget-wrap\">\n\t\t\t\t\t\t<div class=\"elementor-element elementor-element-25a75c9 elementor-widget elementor-widget-spacer\" data-id=\"25a75c9\" data-element_type=\"widget\" data-widget_type=\"spacer.default\">\n\t\t\t\t<div class=\"elementor-widget-container\">\n\t\t\t\t\t<div class=\"elementor-spacer\">\n\t\t\t<div class=\"elementor-spacer-inner\"><\/div>\n\t\t<\/div>\n\t\t\t\t<\/div>\n\t\t\t\t<\/div>\n\t\t\t\t<div class=\"elementor-element elementor-element-9ce70a9 elementor-widget elementor-widget-spacer\" data-id=\"9ce70a9\" data-element_type=\"widget\" data-widget_type=\"spacer.default\">\n\t\t\t\t<div class=\"elementor-widget-container\">\n\t\t\t\t\t<div class=\"elementor-spacer\">\n\t\t\t<div class=\"elementor-spacer-inner\"><\/div>\n\t\t<\/div>\n\t\t\t\t<\/div>\n\t\t\t\t<\/div>\n\t\t\t\t<div class=\"elementor-element elementor-element-e7b0012 elementor-widget elementor-widget-text-editor\" data-id=\"e7b0012\" data-element_type=\"widget\" data-widget_type=\"text-editor.default\">\n\t\t\t\t<div class=\"elementor-widget-container\">\n\t\t\t\t\t\t\t\t<div class=\"elementor-text-editor elementor-clearfix\">\n\t\t\t\t<h5>5KM SENIOR OPEN<\/h5><p>Registrations for 5km senior open are available for athletes aged 20 and older (born in 2005 and older) and must be made through the following link:<br \/><a href=\"https:\/\/www.deporticket.com\/web-evento\/11197-madrid-marcha\">https:\/\/www.deporticket.com\/web-evento\/11197-madrid-marcha<\/a><br \/>A valid federation license and corresponding fee payment are required for registration.<\/p><h5>Age group Categories U12-U20<\/h5><p>Registrations for age group categories are available for athletes born between 2015 and 2006, and must be made through the following link:\u00a0<br \/><a href=\"https:\/\/www.deporticket.com\/web-evento\/11197-madrid-marcha\">https:\/\/www.deporticket.com\/web-evento\/11197-madrid-marcha<\/a><\/p><p>A valid federation license and corresponding fee payment are required for registration.\u00a0<\/p>\t\t\t\t\t<\/div>\n\t\t\t\t\t\t<\/div>\n\t\t\t\t<\/div>\n\t\t\t\t<div class=\"elementor-element elementor-element-a8c2398 elementor-widget elementor-widget-spacer\" data-id=\"a8c2398\" data-element_type=\"widget\" data-widget_type=\"spacer.default\">\n\t\t\t\t<div class=\"elementor-widget-container\">\n\t\t\t\t\t<div class=\"elementor-spacer\">\n\t\t\t<div class=\"elementor-spacer-inner\"><\/div>\n\t\t<\/div>\n\t\t\t\t<\/div>\n\t\t\t\t<\/div>\n\t\t\t\t\t\t<\/div>\n\t\t\t\t\t<\/div>\n\t\t<\/div>\n\t\t\t\t\t\t\t\t<\/div>\n\t\t\t\t\t<\/div>\n\t\t<\/section>\n\t\t\t\t\t\t<\/div>\n\t\t\t\t\t\t<\/div>\n\t\t\t\t\t<\/div>","protected":false},"excerpt":{"rendered":"<p>10KM WORLD RACE WALKING TOUR \u2013 SOLICITUD PARA REVISI\u00d3N 5KM ABIERTA Las inscripciones del 5km Abierta est\u00e1n disponibles para atletas de categor\u00eda absoluta (2005 y mayores), y deber\u00e1n formalizarse a trav\u00e9s de la plataforma habilitada en el siguiente enlace:https:\/\/www.deporticket.com\/web-evento\/11197-madrid-marchaSer\u00e1 requisito para admitir la inscripci\u00f3n estar federado y realizar el pago correspondiente. CATEGOR\u00cdAS&hellip;<\/p>","protected":false},"author":1,"featured_media":0,"parent":0,"menu_order":0,"comment_status":"closed","ping_status":"closed","template":"","meta":{"footnotes":""},"class_list":["post-2017","page","type-page","status-publish","hentry"],"_links":{"self":[{"href":"https:\/\/madridmarcha.com\/en\/wp-json\/wp\/v2\/pages\/2017","targetHints":{"allow":["GET"]}}],"collection":[{"href":"https:\/\/madridmarcha.com\/en\/wp-json\/wp\/v2\/pages"}],"about":[{"href":"https:\/\/madridmarcha.com\/en\/wp-json\/wp\/v2\/types\/page"}],"author":[{"embeddable":true,"href":"https:\/\/madridmarcha.com\/en\/wp-json\/wp\/v2\/users\/1"}],"replies":[{"embeddable":true,"href":"https:\/\/madridmarcha.com\/en\/wp-json\/wp\/v2\/comments?post=2017"}],"version-history":[{"count":16,"href":"https:\/\/madridmarcha.com\/en\/wp-json\/wp\/v2\/pages\/2017\/revisions"}],"predecessor-version":[{"id":7056,"href":"https:\/\/madridmarcha.com\/en\/wp-json\/wp\/v2\/pages\/2017\/revisions\/7056"}],"wp:attachment":[{"href":"https:\/\/madridmarcha.com\/en\/wp-json\/wp\/v2\/media?parent=2017"}],"curies":[{"name":"wp","href":"https:\/\/api.w.org\/{rel}","templated":true}]}}